{"id":87,"date":"2017-08-18T17:06:26","date_gmt":"2017-08-18T17:06:26","guid":{"rendered":"https:\/\/wisehost.ca\/fr\/?page_id=87"},"modified":"2017-08-18T17:16:42","modified_gmt":"2017-08-18T17:16:42","slug":"hebergement-web-detaille","status":"publish","type":"page","link":"https:\/\/wisehost.ca\/fr\/hebergement-web-detaille\/","title":{"rendered":"H\u00e9bergement Web D\u00e9taill\u00e9"},"content":{"rendered":"<h1 style=\"text-align: center;\">H\u00e9bergement Web D\u00e9taill\u00e9<\/h1>\n<div id=\"compareTable\">Chez Wise Host, nous sommes fiers de la puissance, de la s\u00e9curit\u00e9 et de la fiabilit\u00e9 de notre architecture serveur ce qui implique que nous adorons lorsque nos clients veulent en savoir plus sur les sp\u00e9cifications techniques d\u00e9taill\u00e9es.<BR><BR><\/div>\n<div><\/div>\n<p><script src=\"https:\/\/code.jquery.com\/jquery-2.2.4.min.js\" integrity=\"sha256-BbhdlvQf\/xTY9gja0Dq3HiwQF8LaCRTXxZKRutelT44=\" crossorigin=\"anonymous\"><\/script><br \/>\n<script src=\"https:\/\/comparetables.duoservers.com\/script.js?store_id=208346&#038;service=hosting&#038;style=plain&#038;order_url=http:\/\/store151961.duoservers.com\/hosting-order\/&#038;order_text=Commandez&#038;container_id=compareTable&#038;features_type=0\"><\/script><\/p>\n","protected":false},"excerpt":{"rendered":"<p>H\u00e9bergement Web D\u00e9taill\u00e9 Chez Wise Host, nous sommes fiers de la puissance, de la s\u00e9curit\u00e9 et de la fiabilit\u00e9 de notre architecture serveur ce qui implique que nous adorons lorsque nos clients veulent en savoir plus sur les sp\u00e9cifications techniques d\u00e9taill\u00e9es.<\/p>\n","protected":false},"author":1,"featured_media":0,"parent":0,"menu_order":0,"comment_status":"closed","ping_status":"closed","template":"","meta":{"footnotes":""},"class_list":["post-87","page","type-page","status-publish","hentry"],"_links":{"self":[{"href":"https:\/\/wisehost.ca\/fr\/wp-json\/wp\/v2\/pages\/87","targetHints":{"allow":["GET"]}}],"collection":[{"href":"https:\/\/wisehost.ca\/fr\/wp-json\/wp\/v2\/pages"}],"about":[{"href":"https:\/\/wisehost.ca\/fr\/wp-json\/wp\/v2\/types\/page"}],"author":[{"embeddable":true,"href":"https:\/\/wisehost.ca\/fr\/wp-json\/wp\/v2\/users\/1"}],"replies":[{"embeddable":true,"href":"https:\/\/wisehost.ca\/fr\/wp-json\/wp\/v2\/comments?post=87"}],"version-history":[{"count":6,"href":"https:\/\/wisehost.ca\/fr\/wp-json\/wp\/v2\/pages\/87\/revisions"}],"predecessor-version":[{"id":95,"href":"https:\/\/wisehost.ca\/fr\/wp-json\/wp\/v2\/pages\/87\/revisions\/95"}],"wp:attachment":[{"href":"https:\/\/wisehost.ca\/fr\/wp-json\/wp\/v2\/media?parent=87"}],"curies":[{"name":"wp","href":"https:\/\/api.w.org\/{rel}","templated":true}]}}