{"id":67,"date":"2017-08-18T15:07:44","date_gmt":"2017-08-18T15:07:44","guid":{"rendered":"https:\/\/wisehost.ca\/fr\/?page_id=67"},"modified":"2017-09-26T01:20:16","modified_gmt":"2017-09-26T01:20:16","slug":"recherche-de-nom-de-domaine","status":"publish","type":"page","link":"https:\/\/wisehost.ca\/fr\/recherche-de-nom-de-domaine\/","title":{"rendered":"Recherche de nom de domaine"},"content":{"rendered":"<h2 class=\"marquee-product-description h0\" style=\"text-align: center;\">Trouvez le nom de domaine parfait.<\/h2>\n<ul class=\"marquee-check-bullets\">\n<li><strong>Des milliers de\u00a0clients nous font confiance<\/strong>\u00a0pour enregistrer leurs domaines. Ils savent sans doute ce qu\u2019ils font.<\/li>\n<li><strong>Des experts que vous pouvez contacter et<\/strong>\u00a0qui vous accompagnent dans la cr\u00e9ation de votre entreprise.<\/li>\n<li><strong>Des petits prix et une tr\u00e8s grande s\u00e9lection.<\/strong>\u00a0Qui n\u2019aime pas cela\u00a0?<\/li>\n<\/ul>\n<h2 style=\"text-align: center;\"><span class=\"headline-primary h3\">D\u00e9marrez d\u00e8s \u00e0 pr\u00e9sent la recherche de votre nom de domaine<\/span><\/h2>\n<link rel=\"stylesheet\" type=\"text\/css\" href=\"https:\/\/secure.duoservers.com\/tld-search\/api-search.css?color=ff6600&#038;width=800\"\/>\n<script type=\"text\/javascript\" src=\"https:\/\/secure.duoservers.com\/tld-search\/api-search.js?lang=en&#038;store=store151961\"><\/script><br \/>\n<script type=\"text\/javascript\">\nsearchApiOptions = {\n\tstore: \"store151961\",\n\tcontainerId: \"divID\",\n\tsubmitURL: \"http:\/\/store151961.duoservers.com\/hosting-order\/\",\n\tselectedTld: \"com\",\n\tpopupBox: false,\n\tfloatingBox: true\n};\n<\/script><\/p>\n<div id=\"divID\"><\/div>\n","protected":false},"excerpt":{"rendered":"<p>Trouvez le nom de domaine parfait. Des milliers de\u00a0clients nous font confiance\u00a0pour enregistrer leurs domaines. Ils savent sans doute ce qu\u2019ils font. Des experts que vous pouvez contacter et\u00a0qui vous accompagnent dans la cr\u00e9ation de votre entreprise. Des petits prix et une tr\u00e8s grande s\u00e9lection.\u00a0Qui n\u2019aime pas cela\u00a0? D\u00e9marrez d\u00e8s \u00e0 pr\u00e9sent la recherche de [&hellip;]<\/p>\n","protected":false},"author":1,"featured_media":0,"parent":0,"menu_order":0,"comment_status":"closed","ping_status":"closed","template":"","meta":{"footnotes":""},"class_list":["post-67","page","type-page","status-publish","hentry"],"_links":{"self":[{"href":"https:\/\/wisehost.ca\/fr\/wp-json\/wp\/v2\/pages\/67","targetHints":{"allow":["GET"]}}],"collection":[{"href":"https:\/\/wisehost.ca\/fr\/wp-json\/wp\/v2\/pages"}],"about":[{"href":"https:\/\/wisehost.ca\/fr\/wp-json\/wp\/v2\/types\/page"}],"author":[{"embeddable":true,"href":"https:\/\/wisehost.ca\/fr\/wp-json\/wp\/v2\/users\/1"}],"replies":[{"embeddable":true,"href":"https:\/\/wisehost.ca\/fr\/wp-json\/wp\/v2\/comments?post=67"}],"version-history":[{"count":10,"href":"https:\/\/wisehost.ca\/fr\/wp-json\/wp\/v2\/pages\/67\/revisions"}],"predecessor-version":[{"id":2485,"href":"https:\/\/wisehost.ca\/fr\/wp-json\/wp\/v2\/pages\/67\/revisions\/2485"}],"wp:attachment":[{"href":"https:\/\/wisehost.ca\/fr\/wp-json\/wp\/v2\/media?parent=67"}],"curies":[{"name":"wp","href":"https:\/\/api.w.org\/{rel}","templated":true}]}}