{"id":45,"date":"2017-08-17T18:47:47","date_gmt":"2017-08-17T18:47:47","guid":{"rendered":"http:\/\/wisehost.ca\/fr\/?page_id=45"},"modified":"2017-09-27T01:23:32","modified_gmt":"2017-09-27T01:23:32","slug":"createur-de-site-web","status":"publish","type":"page","link":"https:\/\/wisehost.ca\/fr\/createur-de-site-web\/","title":{"rendered":"Cr\u00e9ateur de site web"},"content":{"rendered":"<h1 style=\"text-align: center;\">Cr\u00e9ateur de site Wise Host<\/h1>\n<h2><\/h2>\n<h2>Lancez votre site sur le Web en quelques minutes gr\u00e2ce au Cr\u00e9ateur de site Wise Host!<\/h2>\n<ul>\n<li>Cr\u00e9ez-le vous\u2011m\u00eame \u00e0 l\u2019aide de notre cr\u00e9ateur de site convivial de type glisser\u2011d\u00e9poser\u00a0\u2013\u00a0aucune connaissance en design n\u00e9cessaire<\/li>\n<li>Choisissez parmi des centaines de gabarits mobiles au design et \u00e0 la mise en page flexibles<\/li>\n<li>Adapt\u00e9 au commerce \u00e9lectronique des marchandises et produits num\u00e9riques. Vendez en ligne d\u00e8s maintenant!<\/li>\n<li>Publication de site en un clic<\/li>\n<\/ul>\n<div><\/div>\n","protected":false},"excerpt":{"rendered":"<p>Cr\u00e9ateur de site Wise Host Lancez votre site sur le Web en quelques minutes gr\u00e2ce au Cr\u00e9ateur de site Wise Host! Cr\u00e9ez-le vous\u2011m\u00eame \u00e0 l\u2019aide de notre cr\u00e9ateur de site convivial de type glisser\u2011d\u00e9poser\u00a0\u2013\u00a0aucune connaissance en design n\u00e9cessaire Choisissez parmi des centaines de gabarits mobiles au design et \u00e0 la mise en page flexibles Adapt\u00e9 [&hellip;]<\/p>\n","protected":false},"author":1,"featured_media":0,"parent":0,"menu_order":0,"comment_status":"closed","ping_status":"closed","template":"","meta":{"footnotes":""},"class_list":["post-45","page","type-page","status-publish","hentry"],"_links":{"self":[{"href":"https:\/\/wisehost.ca\/fr\/wp-json\/wp\/v2\/pages\/45","targetHints":{"allow":["GET"]}}],"collection":[{"href":"https:\/\/wisehost.ca\/fr\/wp-json\/wp\/v2\/pages"}],"about":[{"href":"https:\/\/wisehost.ca\/fr\/wp-json\/wp\/v2\/types\/page"}],"author":[{"embeddable":true,"href":"https:\/\/wisehost.ca\/fr\/wp-json\/wp\/v2\/users\/1"}],"replies":[{"embeddable":true,"href":"https:\/\/wisehost.ca\/fr\/wp-json\/wp\/v2\/comments?post=45"}],"version-history":[{"count":13,"href":"https:\/\/wisehost.ca\/fr\/wp-json\/wp\/v2\/pages\/45\/revisions"}],"predecessor-version":[{"id":2544,"href":"https:\/\/wisehost.ca\/fr\/wp-json\/wp\/v2\/pages\/45\/revisions\/2544"}],"wp:attachment":[{"href":"https:\/\/wisehost.ca\/fr\/wp-json\/wp\/v2\/media?parent=45"}],"curies":[{"name":"wp","href":"https:\/\/api.w.org\/{rel}","templated":true}]}}