{"id":43,"date":"2017-08-17T18:46:55","date_gmt":"2017-08-17T18:46:55","guid":{"rendered":"http:\/\/wisehost.ca\/fr\/?page_id=43"},"modified":"2017-09-26T05:19:30","modified_gmt":"2017-09-26T05:19:30","slug":"securite","status":"publish","type":"page","link":"https:\/\/wisehost.ca\/fr\/securite\/","title":{"rendered":"S\u00e9curit\u00e9"},"content":{"rendered":"<h1 style=\"text-align: center;\"><strong>CERTIFICATS SSL<\/strong><\/h1>\n<p><BR><\/p>\n<h2>Certificats SSL : La s\u00e9curit\u00e9 que requi\u00e8rent vos visiteurs<\/h2>\n<p>Gagnez la confiance des utilisateurs de votre site et convertissez-les en fid\u00e8les clients avec Wise Host<\/p>\n<ul >\n<li><strong>Des certificats SSL de premier plan et robustes pour tous vos besoins<\/strong>.<\/li>\n<li>Une reconnaissance navigateur de\u00a0<strong>99,9 %<\/strong>\u00a0et un chiffrement allant jusqu\u2019\u00e0\u00a0<strong>256-bits<\/strong>.<\/li>\n<li>Un sceau facilement identifiable et une ic\u00f4ne cadenas qui inspirent confiance.<\/li>\n<li>Une configuration simple : obtenez votre sceau en quelques minutes et un soutien 24\/7 sur lequel vous pouvez compter.<\/li>\n<\/ul>\n<p><BR><\/p>\n<h2>Certificat Wildcard SSL (149.99\/Ann\u00e9e)<\/h2>\n<ul>\n<li>Un nom de domaine<\/li>\n<li>Multiple sous domaine<\/li>\n<\/ul>\n<p><BR><\/p>\n<h2>Certificats SSL ($30\/Ann\u00e9e)<\/h2>\n<ul>\n<li>Un nom de domaine<\/li>\n<\/ul>\n<p>&nbsp;<\/p>\n","protected":false},"excerpt":{"rendered":"<p>CERTIFICATS SSL Certificats SSL : La s\u00e9curit\u00e9 que requi\u00e8rent vos visiteurs Gagnez la confiance des utilisateurs de votre site et convertissez-les en fid\u00e8les clients avec Wise Host Des certificats SSL de premier plan et robustes pour tous vos besoins. Une reconnaissance navigateur de\u00a099,9 %\u00a0et un chiffrement allant jusqu\u2019\u00e0\u00a0256-bits. Un sceau facilement identifiable et une ic\u00f4ne [&hellip;]<\/p>\n","protected":false},"author":1,"featured_media":0,"parent":0,"menu_order":0,"comment_status":"closed","ping_status":"closed","template":"","meta":{"footnotes":""},"class_list":["post-43","page","type-page","status-publish","hentry"],"_links":{"self":[{"href":"https:\/\/wisehost.ca\/fr\/wp-json\/wp\/v2\/pages\/43","targetHints":{"allow":["GET"]}}],"collection":[{"href":"https:\/\/wisehost.ca\/fr\/wp-json\/wp\/v2\/pages"}],"about":[{"href":"https:\/\/wisehost.ca\/fr\/wp-json\/wp\/v2\/types\/page"}],"author":[{"embeddable":true,"href":"https:\/\/wisehost.ca\/fr\/wp-json\/wp\/v2\/users\/1"}],"replies":[{"embeddable":true,"href":"https:\/\/wisehost.ca\/fr\/wp-json\/wp\/v2\/comments?post=43"}],"version-history":[{"count":10,"href":"https:\/\/wisehost.ca\/fr\/wp-json\/wp\/v2\/pages\/43\/revisions"}],"predecessor-version":[{"id":2519,"href":"https:\/\/wisehost.ca\/fr\/wp-json\/wp\/v2\/pages\/43\/revisions\/2519"}],"wp:attachment":[{"href":"https:\/\/wisehost.ca\/fr\/wp-json\/wp\/v2\/media?parent=43"}],"curies":[{"name":"wp","href":"https:\/\/api.w.org\/{rel}","templated":true}]}}