{"id":35,"date":"2017-08-17T18:43:17","date_gmt":"2017-08-17T18:43:17","guid":{"rendered":"http:\/\/wisehost.ca\/fr\/?page_id=35"},"modified":"2017-09-26T05:44:31","modified_gmt":"2017-09-26T05:44:31","slug":"email-professionnelle","status":"publish","type":"page","link":"https:\/\/wisehost.ca\/fr\/email-professionnelle\/","title":{"rendered":"Email Professionnelle"},"content":{"rendered":"<h2 style=\"text-align: center;\">SOLUTIONS EMAIL PROFESSIONNELLES<\/h2>\n<h2 class=\"text-xs-center h2\">Ajoutez professionnalisme<br \/>\n\u00e0 votre petite entreprise<br \/>\navec l\u2019Email de base\u00a0Wise Host<\/h2>\n<ul class=\"icon-list captions mb-0\">\n<li class=\"icon-checkmark\">Email personnalis\u00e9s, bas\u00e9s sur votre domaine<\/li>\n<li class=\"icon-checkmark\">Sans publicit\u00e9<\/li>\n<li><i class=\"icon-check\"><\/i>Adaptez\u00a0<i>enti\u00e8rement<\/i>\u00a0votre adresse email \u00e0 votre identit\u00e9 :\u00a0<u>vous@votreentreprise.com<\/u>.<\/li>\n<li><i class=\"icon-check\"><\/i>Acc\u00e9dez \u00e0 votre email en tout temps, o\u00f9 que vous soyez, \u00e0 partir de n\u2019importe quel appareil.<\/li>\n<li><i class=\"icon-check\"><\/i>Facile \u00e0 configurer, en quelques minutes seulement.<\/li>\n<li><i class=\"icon-check\"><\/i>Continuez \u00e0 utiliser votre plateforme email pr\u00e9f\u00e9r\u00e9e (dont Outlook, Gmail et Mail).<\/li>\n<li><i class=\"icon-check\"><\/i>Aucune installation mat\u00e9rielle ou logicielle complexe.<\/li>\n<li><i class=\"icon-check\"><\/i>Synchronisez ou r\u00e9acheminez vos comptes email gratuits existants (Gmail, Yahoo!, Outlook, etc.) \u00e0 votre nouvelle identit\u00e9, sans perdre aucun message.<\/li>\n<\/ul>\n<p class=\"price text-xs-center\"><strong>\u2026seulement 1,00\u00a0\u20ac\/mois par bo\u00eete email<\/strong><\/p>\n","protected":false},"excerpt":{"rendered":"<p>SOLUTIONS EMAIL PROFESSIONNELLES Ajoutez professionnalisme \u00e0 votre petite entreprise avec l\u2019Email de base\u00a0Wise Host Email personnalis\u00e9s, bas\u00e9s sur votre domaine Sans publicit\u00e9 Adaptez\u00a0enti\u00e8rement\u00a0votre adresse email \u00e0 votre identit\u00e9 :\u00a0vous@votreentreprise.com. Acc\u00e9dez \u00e0 votre email en tout temps, o\u00f9 que vous soyez, \u00e0 partir de n\u2019importe quel appareil. Facile \u00e0 configurer, en quelques minutes seulement. Continuez \u00e0 [&hellip;]<\/p>\n","protected":false},"author":1,"featured_media":0,"parent":0,"menu_order":0,"comment_status":"closed","ping_status":"closed","template":"","meta":{"footnotes":""},"class_list":["post-35","page","type-page","status-publish","hentry"],"_links":{"self":[{"href":"https:\/\/wisehost.ca\/fr\/wp-json\/wp\/v2\/pages\/35","targetHints":{"allow":["GET"]}}],"collection":[{"href":"https:\/\/wisehost.ca\/fr\/wp-json\/wp\/v2\/pages"}],"about":[{"href":"https:\/\/wisehost.ca\/fr\/wp-json\/wp\/v2\/types\/page"}],"author":[{"embeddable":true,"href":"https:\/\/wisehost.ca\/fr\/wp-json\/wp\/v2\/users\/1"}],"replies":[{"embeddable":true,"href":"https:\/\/wisehost.ca\/fr\/wp-json\/wp\/v2\/comments?post=35"}],"version-history":[{"count":4,"href":"https:\/\/wisehost.ca\/fr\/wp-json\/wp\/v2\/pages\/35\/revisions"}],"predecessor-version":[{"id":2526,"href":"https:\/\/wisehost.ca\/fr\/wp-json\/wp\/v2\/pages\/35\/revisions\/2526"}],"wp:attachment":[{"href":"https:\/\/wisehost.ca\/fr\/wp-json\/wp\/v2\/media?parent=35"}],"curies":[{"name":"wp","href":"https:\/\/api.w.org\/{rel}","templated":true}]}}