{"id":2556,"date":"2017-09-27T02:30:29","date_gmt":"2017-09-27T02:30:29","guid":{"rendered":"https:\/\/wisehost.ca\/fr\/?page_id=2556"},"modified":"2017-09-27T02:30:29","modified_gmt":"2017-09-27T02:30:29","slug":"marketing-en-ligne","status":"publish","type":"page","link":"https:\/\/wisehost.ca\/fr\/marketing-en-ligne\/","title":{"rendered":"MARKETING EN LIGNE"},"content":{"rendered":"<h1 style=\"text-align: center;\">MARKETING EN LIGNE<\/h1>\n<p>Notre expertise du marketing en ligne a g\u00e9n\u00e9r\u00e9 plus de 50 millions de dollars en revenus pour nos clients jusqu\u2019\u00e0 maintenant. R\u00e9clamez votre part!<\/p>\n<h2>SEO\u2009: FACILITER LA RECHERCHE DE VOTRE SITE<\/h2>\n<p>\u00catre en premi\u00e8re page des r\u00e9sultats naturels de Google signifie b\u00e9n\u00e9ficier d\u2019une tr\u00e8s forte exposition, mais en arriver l\u00e0 n\u2019est pas facile. Le temps de chargement de la page, les donn\u00e9es structur\u00e9es, les liens internes et externes, l\u2019accessibilit\u00e9 mobile ainsi que les contenus sont autant d\u2019\u00e9l\u00e9ments qui influencent la fa\u00e7on dont un moteur de recherche va classer votre site. Mettre en \u0153uvre une strat\u00e9gie de r\u00e9f\u00e9rencement naturel (SEO) est une tr\u00e8s bonne fa\u00e7on de lancer un nouveau site Internet et c\u2019est \u00e9galement un bon moyen d\u2019accro\u00eetre l\u2019efficacit\u00e9 de la recherche d\u2019un site d\u00e9j\u00e0 en ligne.<\/p>\n<h2>SEM\u2009: DES CAMPAGNES QUI CONVERTISSENT DE NOUVEAUX CLIENTS<\/h2>\n<p>Le marketing de la recherche (SEM) est l\u2019une des formes publicitaires les plus rapides, les plus flexibles et les plus efficaces qui existent. En identifiant les indicateurs cl\u00e9s, nous pouvons mesurer les campagnes et r\u00e9agir tr\u00e8s rapidement pour assurer que vous obteniez le meilleur retour sur votre investissement en publicit\u00e9. Chaque strat\u00e9gie marketing est construite autour de vos objectifs individuels et contr\u00f4l\u00e9e pour que vous puissiez suivre ses r\u00e9sultats de pr\u00e8s.<\/p>\n<h2>SMM\u2009: UTILISER LES M\u00c9DIAS SOCIAUX POUR ATTEINDRE LES CLIENTS<\/h2>\n<p>Les m\u00e9dias sociaux se sont transform\u00e9s en une plate-forme puissante pour les entreprises. C\u2019est un excellent moyen d\u2019\u00e9tablir votre marque, de gagner en confiance et d\u2019interagir avec vos clients. Ils am\u00e9liorent m\u00eame le classement de votre site dans les r\u00e9sultats des moteurs de recherche Internet. Une utilisation strat\u00e9gique des contenus promotionnels est un levier marketing tr\u00e8s puissant et rentable. Laissez-nous vous aider \u00e0 choisir la bonne plate-forme pour votre message et cr\u00e9er du contenu qui vous am\u00e8nera des clients fid\u00e8les.<\/p>\n","protected":false},"excerpt":{"rendered":"<p>MARKETING EN LIGNE Notre expertise du marketing en ligne a g\u00e9n\u00e9r\u00e9 plus de 50 millions de dollars en revenus pour nos clients jusqu\u2019\u00e0 maintenant. R\u00e9clamez votre part! SEO\u2009: FACILITER LA RECHERCHE DE VOTRE SITE \u00catre en premi\u00e8re page des r\u00e9sultats naturels de Google signifie b\u00e9n\u00e9ficier d\u2019une tr\u00e8s forte exposition, mais en arriver l\u00e0 n\u2019est pas [&hellip;]<\/p>\n","protected":false},"author":1,"featured_media":0,"parent":0,"menu_order":0,"comment_status":"closed","ping_status":"closed","template":"","meta":{"footnotes":""},"class_list":["post-2556","page","type-page","status-publish","hentry"],"_links":{"self":[{"href":"https:\/\/wisehost.ca\/fr\/wp-json\/wp\/v2\/pages\/2556","targetHints":{"allow":["GET"]}}],"collection":[{"href":"https:\/\/wisehost.ca\/fr\/wp-json\/wp\/v2\/pages"}],"about":[{"href":"https:\/\/wisehost.ca\/fr\/wp-json\/wp\/v2\/types\/page"}],"author":[{"embeddable":true,"href":"https:\/\/wisehost.ca\/fr\/wp-json\/wp\/v2\/users\/1"}],"replies":[{"embeddable":true,"href":"https:\/\/wisehost.ca\/fr\/wp-json\/wp\/v2\/comments?post=2556"}],"version-history":[{"count":1,"href":"https:\/\/wisehost.ca\/fr\/wp-json\/wp\/v2\/pages\/2556\/revisions"}],"predecessor-version":[{"id":2557,"href":"https:\/\/wisehost.ca\/fr\/wp-json\/wp\/v2\/pages\/2556\/revisions\/2557"}],"wp:attachment":[{"href":"https:\/\/wisehost.ca\/fr\/wp-json\/wp\/v2\/media?parent=2556"}],"curies":[{"name":"wp","href":"https:\/\/api.w.org\/{rel}","templated":true}]}}