{"id":2551,"date":"2017-09-27T01:53:02","date_gmt":"2017-09-27T01:53:02","guid":{"rendered":"https:\/\/wisehost.ca\/fr\/?page_id=2551"},"modified":"2017-09-27T01:56:51","modified_gmt":"2017-09-27T01:56:51","slug":"e-commerce","status":"publish","type":"page","link":"https:\/\/wisehost.ca\/fr\/e-commerce\/","title":{"rendered":"E-Commerce"},"content":{"rendered":"<h1 style=\"text-align: center;\">E-COMMERCE<\/h1>\n<p>Wise Host est un sp\u00e9cialiste du marketing et un as de la cr\u00e9ativit\u00e9. Cela signifie que nous savons pr\u00e9cis\u00e9ment comment construire un site s\u00e9curis\u00e9 qui r\u00e9ponde \u00e0 la demande croissante des acheteurs en ligne, mais \u00e9galement comment attirer de v\u00e9ritables acheteurs potentiels sur votre site. En r\u00e9unissant sous un m\u00eame toit des sp\u00e9cialistes du marketing, du design et du d\u00e9veloppement technique, nous adoptons une strat\u00e9gie unifi\u00e9e qui nous permet de toujours mieux comprendre vos objectifs.<\/p>\n<h2>PLANIFICATION ET STRAT\u00c9GIE<\/h2>\n<p>Il est de notre devoir de comprendre dans les moindres d\u00e9tails l\u2019\u00e9volution de votre entreprise et les valeurs de votre marque. Ce processus d\u2019enqu\u00eate et de d\u00e9couverte rel\u00e8ve plus d\u2019un art que d\u2019une science. Chaque entreprise doit faire face \u00e0 ses propres d\u00e9fis. L\u2019identification d\u2019une strat\u00e9gie gagnante n\u00e9cessite avant tout de savoir faire preuve d\u2019exp\u00e9rience, d\u2019intuition et de perspicacit\u00e9.<\/p>\n<h2>APPRENDRE A CONNA\u00ceTRE VOTRE ENTREPRISE<\/h2>\n<p>Nous cherchons \u00e0 savoir comment fonctionne votre entreprise aussi bien en interne qu\u2019en externe. En interrogeant les dirigeants et les cadres cl\u00e9 de votre entreprise, nous pouvons \u00e9valuer vos perspectives, vos objectifs et toutes vos questions d\u2019ordre pratique. Vous \u00eates un expert dans votre domaine et votre point de vue nous est indispensable.<\/p>\n<h2>RECHERCHE INDUSTRIELLE<\/h2>\n<p>Des \u00e9tudes approfondies sur le comportement des consommateurs, les tendances de l\u2019industrie et celles de vos concurrents est in<\/p>\n<h2>ANALYSE DES DONNE\u00c9S<\/h2>\n<p>Nous interpr\u00e9tons vos donn\u00e9es, celles relatives \u00e0 vos ventes et toute autre information disponible qui permettrait de g\u00e9n\u00e9rer un aper\u00e7u pr\u00e9cis et efficace de votre situation actuelle et de poser des rep\u00e8res quantifiables qui mesureront votre futur succ\u00e8s.<\/p>\n<p>dispensable pour obtenir une vision globale du projet. Cela peut impliquer de r\u00e9aliser des \u00e9tudes aupr\u00e8s des consommateurs potentiels et de d\u00e9ployer un nombre vari\u00e9 d\u2019outils analytiques. Des outils comme\u00a0<em>Google Analytics<\/em>\u00a0ou\u00a0<em>Inspectlet<\/em>\u00a0nous permettent d\u2019\u00e9tudier avec perspicacit\u00e9 les forces et les faiblesses de votre site Web actuel. Non seulement cette \u00e9tude alimente notre strat\u00e9gie mais elle nous permet \u00e9galement de poser les questions justes vis-\u00e0-vis de vos besoins.<\/p>\n<p>&nbsp;<\/p>\n","protected":false},"excerpt":{"rendered":"<p>E-COMMERCE Wise Host est un sp\u00e9cialiste du marketing et un as de la cr\u00e9ativit\u00e9. Cela signifie que nous savons pr\u00e9cis\u00e9ment comment construire un site s\u00e9curis\u00e9 qui r\u00e9ponde \u00e0 la demande croissante des acheteurs en ligne, mais \u00e9galement comment attirer de v\u00e9ritables acheteurs potentiels sur votre site. En r\u00e9unissant sous un m\u00eame toit des sp\u00e9cialistes du [&hellip;]<\/p>\n","protected":false},"author":1,"featured_media":0,"parent":0,"menu_order":0,"comment_status":"closed","ping_status":"closed","template":"","meta":{"footnotes":""},"class_list":["post-2551","page","type-page","status-publish","hentry"],"_links":{"self":[{"href":"https:\/\/wisehost.ca\/fr\/wp-json\/wp\/v2\/pages\/2551","targetHints":{"allow":["GET"]}}],"collection":[{"href":"https:\/\/wisehost.ca\/fr\/wp-json\/wp\/v2\/pages"}],"about":[{"href":"https:\/\/wisehost.ca\/fr\/wp-json\/wp\/v2\/types\/page"}],"author":[{"embeddable":true,"href":"https:\/\/wisehost.ca\/fr\/wp-json\/wp\/v2\/users\/1"}],"replies":[{"embeddable":true,"href":"https:\/\/wisehost.ca\/fr\/wp-json\/wp\/v2\/comments?post=2551"}],"version-history":[{"count":3,"href":"https:\/\/wisehost.ca\/fr\/wp-json\/wp\/v2\/pages\/2551\/revisions"}],"predecessor-version":[{"id":2554,"href":"https:\/\/wisehost.ca\/fr\/wp-json\/wp\/v2\/pages\/2551\/revisions\/2554"}],"wp:attachment":[{"href":"https:\/\/wisehost.ca\/fr\/wp-json\/wp\/v2\/media?parent=2551"}],"curies":[{"name":"wp","href":"https:\/\/api.w.org\/{rel}","templated":true}]}}