{"id":2546,"date":"2017-09-27T01:44:07","date_gmt":"2017-09-27T01:44:07","guid":{"rendered":"https:\/\/wisehost.ca\/fr\/?page_id=2546"},"modified":"2017-09-27T01:49:34","modified_gmt":"2017-09-27T01:49:34","slug":"applications","status":"publish","type":"page","link":"https:\/\/wisehost.ca\/fr\/applications\/","title":{"rendered":"Applications"},"content":{"rendered":"<h1 style=\"text-align: center;\">D\u00c9VELOPPEMENT D\u2019APPLICATIONS<\/h1>\n<p>Il est difficile de sous-estimer la port\u00e9e du web. Aujourd\u2019hui, 45,6 milliards de t\u00e9l\u00e9chargements d\u2019applications pour t\u00e9l\u00e9phones mobiles et tablettes ont \u00e9t\u00e9 recens\u00e9s l\u2019an dernier, pr\u00e8s du double des chiffres de 2011. Avec une vaste gamme de t\u00e9l\u00e9phones intelligents et de tablettes, les applications sont devenues un essentiel \u00e0 avoir, pour les consommateurs et les entreprises. Devenez mobile!<\/p>\n<h2>D\u00c9VELOPPEMENT D\u2019APPLICATIONS ; VOTRE APPLICATION \u00c0 VOTRE MANI\u00c8RE<\/h2>\n<p>Vous ne savez pas par o\u00f9 commencer pour le d\u00e9veloppement d\u2019une application cr\u00e9ative et originale? Parlez-nous de votre jeu, de votre boutique en ligne, de votre syst\u00e8me de coupons ou de votre programme de r\u00e9compense et nous concevrons une application sur mesure qui fonctionnera pour vous et vos clients.<\/p>\n<h2>IOS + ANDROID; PAS BESOIN DE CHOISIR<\/h2>\n<p>Android et iOS se partagent maintenant \u00e0 parts \u00e9gales le march\u00e9 du mobile. C\u2019est donc pourquoi vous avez besoin d\u2019une application adapt\u00e9e pour les deux plateformes. Notre \u00e9quipe poss\u00e8de l\u2019exp\u00e9rience n\u00e9cessaire des deux plateformes, votre application est donc assur\u00e9e de fonctionner sur Appel et sur Android. \u00c9largissez vos horizons et rejoignez plus de clients potentiels.<\/p>\n","protected":false},"excerpt":{"rendered":"<p>D\u00c9VELOPPEMENT D\u2019APPLICATIONS Il est difficile de sous-estimer la port\u00e9e du web. Aujourd\u2019hui, 45,6 milliards de t\u00e9l\u00e9chargements d\u2019applications pour t\u00e9l\u00e9phones mobiles et tablettes ont \u00e9t\u00e9 recens\u00e9s l\u2019an dernier, pr\u00e8s du double des chiffres de 2011. Avec une vaste gamme de t\u00e9l\u00e9phones intelligents et de tablettes, les applications sont devenues un essentiel \u00e0 avoir, pour les consommateurs [&hellip;]<\/p>\n","protected":false},"author":1,"featured_media":0,"parent":0,"menu_order":0,"comment_status":"closed","ping_status":"closed","template":"","meta":{"footnotes":""},"class_list":["post-2546","page","type-page","status-publish","hentry"],"_links":{"self":[{"href":"https:\/\/wisehost.ca\/fr\/wp-json\/wp\/v2\/pages\/2546","targetHints":{"allow":["GET"]}}],"collection":[{"href":"https:\/\/wisehost.ca\/fr\/wp-json\/wp\/v2\/pages"}],"about":[{"href":"https:\/\/wisehost.ca\/fr\/wp-json\/wp\/v2\/types\/page"}],"author":[{"embeddable":true,"href":"https:\/\/wisehost.ca\/fr\/wp-json\/wp\/v2\/users\/1"}],"replies":[{"embeddable":true,"href":"https:\/\/wisehost.ca\/fr\/wp-json\/wp\/v2\/comments?post=2546"}],"version-history":[{"count":3,"href":"https:\/\/wisehost.ca\/fr\/wp-json\/wp\/v2\/pages\/2546\/revisions"}],"predecessor-version":[{"id":2550,"href":"https:\/\/wisehost.ca\/fr\/wp-json\/wp\/v2\/pages\/2546\/revisions\/2550"}],"wp:attachment":[{"href":"https:\/\/wisehost.ca\/fr\/wp-json\/wp\/v2\/media?parent=2546"}],"curies":[{"name":"wp","href":"https:\/\/api.w.org\/{rel}","templated":true}]}}