{"id":2539,"date":"2017-09-27T01:12:23","date_gmt":"2017-09-27T01:12:23","guid":{"rendered":"https:\/\/wisehost.ca\/fr\/?page_id=2539"},"modified":"2017-09-27T01:32:34","modified_gmt":"2017-09-27T01:32:34","slug":"creation-de-votre-site-web-par-nos-experts","status":"publish","type":"page","link":"https:\/\/wisehost.ca\/fr\/creation-de-votre-site-web-par-nos-experts\/","title":{"rendered":"Cr\u00e9ation de votre site web par nos experts"},"content":{"rendered":"<h1 style=\"text-align: center;\">Cr\u00e9ation de votre site web par nos experts<\/h1>\n<p>Pr\u00e8s de 3 milliards de personnes sont en ligne (vous \u00eates l\u00e0 apr\u00e8s tout). Votre site web agit \u00e0 titre de vitrine virtuelle, d\u2019\u00e9quipe de promotion en ligne et de publicit\u00e9 digitale, accessible au monde entier (tout de m\u00eame 3 milliards de personnes) et ce, 24 heures sur 24, 7 jours sur 7.<\/p>\n<h2>D\u00c9VELOPPEMENT WEB: GARDEZ LE CONTR\u00d4LE DE VOS MISES \u00c0 JOUR<\/h2>\n<p>Votre pr\u00e9sence sur le web m\u00e9rite d\u2019\u00eatre personnalis\u00e9e. Nous con\u00e7evons votre site autour de votre contenu et de votre marque, mettant vos offres les plus importantes en lumi\u00e8re et vous cr\u00e9ant une identit\u00e9 unique qui vous d\u00e9marquera du lot. Gr\u00e2ce \u00e0 des options auto-g\u00e9rables, vous pouvez facilement mettre votre site \u00e0 jour en quelques clics. Pas besoin de connaissances en programmation! Avoir le plein contr\u00f4le de votre contenu vous offre la capacit\u00e9 de demeurer \u00e0 jour et de rafraichir votre site. Offrir les nouvelles et les produits les plus r\u00e9cents \u00e0 vos clients les encouragera \u00e0 revenir encore et encore!<\/p>\n<p>D\u2019un autre c\u00f4t\u00e9, si vous n\u2019avez pas le temps de faire les mises \u00e0 jour, nous pouvons certainement vous aidez avec cela! De l\u2019entretien web \u00e0 la mise \u00e0 jour d\u2019un blogue, nous sommes des partenaires pour tous vos besoins.<\/p>\n<h2>Design adaptatif: un site parfait sur tous les \u00e9crans<\/h2>\n<p>Votre site est parfait sur votre propre \u00e9cran&#8230;mais \u00eates-vous certain que vos visiteurs ont la m\u00eame exp\u00e9rience? Des tablettes aux t\u00e9l\u00e9phones intelligents, les sites se font souvent d\u00e9former au point de ne plus \u00eatre ni lisibles, ni utilisables. Le design adaptatif permet \u00e0 votre nouveau site de s\u2019adapter \u00e0 n\u2019importe quel format de fen\u00eatre, vous permettant de donner la meilleure impression sur tous les appareils et les \u00e9crans.<\/p>\n<p>Le design adaptatif est aussi id\u00e9al pour la planification future puisqu&#8217;il s&#8217;adaptera \u00e0 tout nouveau format d&#8217;\u00e9cran introduit sur le march\u00e9.<\/p>\n<h2 class=\"pagetitle\">Conception de votre site Web par Wise Host<\/h2>\n<div class=\"pagetitle_details\">Nous prenons en main toutes les \u00e9tapes de r\u00e9alisation de votre projet, de la cr\u00e9ation du design de votre site \u00e0 sa mise en march\u00e9.<\/div>\n<h2><\/h2>\n<h2 class=\"pagetitle_details\">Consultation, conseils, analyse et plan d\u2019action<\/h2>\n<div>\n<p>Parlez avec nous et laissez nous partager la vision que vous avez pour\u00a0<strong>votre site Web<\/strong>, votre\u00a0<strong>entreprise en ligne<\/strong>. Ensemble, nous fixerons la mission premi\u00e8re de votre site et les objectifs qu\u2019il devra atteindre. Visez-vous une part de march\u00e9 bien pr\u00e9cise? Votre site devra-t-il d\u2019abord \u00eatre un\u00a0<strong>point de service<\/strong>, un\u00a0<strong>point de vente<\/strong>\u00a0ou un\u00a0<strong>outil de prospection<\/strong>?<\/p>\n<p>En fonction de vos objectifs et de votre budget, nous d\u00e9terminons le niveau de design et les fonctionnalit\u00e9s qui devront faire partie du site<\/p>\n<h2 class=\"sectiontitle\">Cr\u00e9ation de design de site Web<\/h2>\n<p>Chaque site a besoin d\u2019un\u00a0<strong>design Web<\/strong>\u00a0pour faire passer son message. Souvent, il ne s\u2019agit que de respecter l\u2019image de l\u2019entreprise et de mettre en valeur son logo. Parfois, le site doit offrir une exp\u00e9rience unique pour s\u00e9duire le visiteur. Nous r\u00e9alisons votre id\u00e9e. Nous cr\u00e9ons des id\u00e9es. C\u2019est avec vous que nous travaillerons \u00e0 concevoir le design qui permettra \u00e0 votre site Web de remplir ses objectifs.<\/p>\n<div>\n<h2 class=\"sectiontitle\">Un CMS pour le c\u0153ur de votre site Web<\/h2>\n<div>Tous les sites que nous livrons sont soutenus par un\u00a0syst\u00e8me de gestion de contenu (CMS). Les avantages d\u2019un\u00a0<strong>CMS<\/strong>\u00a0sont \u00e9normes par rapport \u00e0 un site statique. Plusieurs\u00a0<strong>CMS<\/strong>\u00a0sont offerts sur le march\u00e9. Nous les avons \u00e9tudi\u00e9s et nous avons conclu qu\u2019il n\u2019y a qu\u2019une seule bonne solution pour nos clients : d\u00e9velopper notre\u00a0<strong>CMS<\/strong>.<\/div>\n<\/div>\n<div>\n<div class=\"content\"><strong>Votre site Web<\/strong>\u00a0fonctionnera sous\u00a0PenseWeb 10; une solution en \u00e9volution depuis plus de 10 ans et \u00e9prouv\u00e9e par plusieurs centaines de clients. Offert sous\u00a09 produits\u00a0de base, il peut \u00eatre \u00e9quip\u00e9 de plus de\u00a050 modules\u00a0sans compter les modules que nous d\u00e9veloppons pour r\u00e9pondre \u00e0 vos besoins.<\/div>\n<div>\n<div>\n<h2><\/h2>\n<h2 class=\"sectiontitle\">Int\u00e9gration de contenu<\/h2>\n<div>Selon vos besoins et dans le respect de votre budget, nous pouvons vous livrer un site Web dont le contenu est int\u00e9gr\u00e9 en entier par nos sp\u00e9cialistes. Votre site \u00e9tant dot\u00e9 d\u2019un\u00a0<strong>CMS<\/strong>, vous avez la libert\u00e9 de tout faire par vous-m\u00eame.<\/div>\n<\/div>\n<div>\n<div class=\"content\">\u00c0 cette \u00e9tape, on ne parle plus de programmation, mais de manipulation de texte comme on le ferait dans un logiciel de traitement de texte (WYSIWYG) et de formulaires en ligne comme on en trouve sur n\u2019importe quel site.<\/div>\n<\/div>\n<\/div>\n<\/div>\n<\/div>\n","protected":false},"excerpt":{"rendered":"<p>Cr\u00e9ation de votre site web par nos experts Pr\u00e8s de 3 milliards de personnes sont en ligne (vous \u00eates l\u00e0 apr\u00e8s tout). Votre site web agit \u00e0 titre de vitrine virtuelle, d\u2019\u00e9quipe de promotion en ligne et de publicit\u00e9 digitale, accessible au monde entier (tout de m\u00eame 3 milliards de personnes) et ce, 24 heures [&hellip;]<\/p>\n","protected":false},"author":1,"featured_media":0,"parent":0,"menu_order":0,"comment_status":"closed","ping_status":"closed","template":"","meta":{"footnotes":""},"class_list":["post-2539","page","type-page","status-publish","hentry"],"_links":{"self":[{"href":"https:\/\/wisehost.ca\/fr\/wp-json\/wp\/v2\/pages\/2539","targetHints":{"allow":["GET"]}}],"collection":[{"href":"https:\/\/wisehost.ca\/fr\/wp-json\/wp\/v2\/pages"}],"about":[{"href":"https:\/\/wisehost.ca\/fr\/wp-json\/wp\/v2\/types\/page"}],"author":[{"embeddable":true,"href":"https:\/\/wisehost.ca\/fr\/wp-json\/wp\/v2\/users\/1"}],"replies":[{"embeddable":true,"href":"https:\/\/wisehost.ca\/fr\/wp-json\/wp\/v2\/comments?post=2539"}],"version-history":[{"count":2,"href":"https:\/\/wisehost.ca\/fr\/wp-json\/wp\/v2\/pages\/2539\/revisions"}],"predecessor-version":[{"id":2545,"href":"https:\/\/wisehost.ca\/fr\/wp-json\/wp\/v2\/pages\/2539\/revisions\/2545"}],"wp:attachment":[{"href":"https:\/\/wisehost.ca\/fr\/wp-json\/wp\/v2\/media?parent=2539"}],"curies":[{"name":"wp","href":"https:\/\/api.w.org\/{rel}","templated":true}]}}