{"id":2524,"date":"2017-09-26T05:40:56","date_gmt":"2017-09-26T05:40:56","guid":{"rendered":"https:\/\/wisehost.ca\/fr\/?page_id=2524"},"modified":"2017-09-26T05:40:56","modified_gmt":"2017-09-26T05:40:56","slug":"email-dentreprise","status":"publish","type":"page","link":"https:\/\/wisehost.ca\/fr\/email-dentreprise\/","title":{"rendered":"Email d&#8217;entreprise"},"content":{"rendered":"<h1 class=\"text-xs-center h2\" style=\"text-align: center;\">Email d&#8217;entreprise<\/h1>\n<h2 class=\"text-xs-center h2\">Propulsez votre email au niveau sup\u00e9rieur avec l\u2019Email d&#8217;entreprise Wise Host<\/h2>\n<ul class=\"icon-list captions mb-0\">\n<li><i class=\"icon-check\"><\/i>Synchronisation de votre email sur tous vos appareils.<\/li>\n<li><i class=\"icon-check\"><\/i>5 Go de stockage par bo\u00eete de r\u00e9ception.\u00a0conciliez technologie et productivit\u00e9.<\/li>\n<li><i class=\"icon-check\"><\/i>Limites g\u00e9n\u00e9reuses d&#8217;envois.<\/li>\n<li><i class=\"icon-check\"><\/i>Protection avanc\u00e9e antipourriel, antivirus et antiespiogiciel.<\/li>\n<li>IMAP : acc\u00e8s \u00e0 vos emails \u00e0 tout moment, o\u00f9 que vous soyez.<\/li>\n<li>exible : ajoutez des adresses email suppl\u00e9mentaires et augmentez l\u2019espace de stockage selon vos besoins.<\/li>\n<\/ul>\n<h2><strong>Seulement 2,00\u00a0\u20ac\/mois par bo\u00eete email<\/strong><\/h2>\n<h2 class=\"headline-centered headline-a2 headline-carousel\">Collaboration et gestion de projet efficaces<\/h2>\n<div class=\"paragraph-b3 paragraph-centered paragraph-carousel\">Acc\u00e9dez \u00e0 votre messagerie depuis votre mobile ou votre tablette<\/div>\n<div><\/div>\n<div class=\"paragraph-b3 paragraph-centered paragraph-carousel\">\n<h2 class=\"headline-c3\">Carnet d\u2019adresses<\/h2>\n<ul class=\"checklist-b1\">\n<li class=\"icon-checkmark\">Retrouvez les informations d\u00e9taill\u00e9es de vos contacts rapidement.<\/li>\n<li class=\"icon-checkmark\">Les donn\u00e9es des contacts issus des r\u00e9seaux sociaux sont automatiquement synchronis\u00e9es.<\/li>\n<li class=\"icon-checkmark\">Associez vos rendez-vous et vos t\u00e2ches \u00e0 des contacts et classez-les par cat\u00e9gorie (priv\u00e9, public, partag\u00e9).<\/li>\n<\/ul>\n<h2 class=\"headline-c3\">Calendrier<\/h2>\n<ul class=\"checklist-b1\">\n<li class=\"icon-checkmark\">Recevez des notifications sur tous vos appareils connect\u00e9s.<\/li>\n<li class=\"icon-checkmark\">Les modifications que vous apportez \u00e0 votre calendrier sont synchronis\u00e9es automatiquement, ce qui simplifie votre recherche de rendez-vous.<\/li>\n<li class=\"icon-checkmark\">Acc\u00e9dez \u00e0 vos donn\u00e9es de fa\u00e7on optimale : int\u00e9grez des documents, t\u00e2ches, contacts et projets \u00e0 votre calendrier.<\/li>\n<li class=\"icon-checkmark\">Organisez les rendez-vous avec vos collaborateurs rapidement et facilement.<\/li>\n<\/ul>\n<h2 class=\"headline-c3\">T\u00e2ches<\/h2>\n<ul class=\"checklist-b1\">\n<li class=\"icon-checkmark\">Vue d\u2019ensemble vous permettant d\u2019ajouter des priorit\u00e9s, des d\u00e9lais et de suivre le statut d\u2019avancement de chaque t\u00e2che.<\/li>\n<li class=\"icon-checkmark\">Assignez des t\u00e2ches \u00e0 un membre de votre \u00e9quipe.<\/li>\n<li class=\"icon-checkmark\">Activez les notifications afin d\u2019\u00eatre inform\u00e9 du statut d\u2019une t\u00e2che et contr\u00f4lez son avancement.<\/li>\n<li class=\"icon-checkmark\">Classez les t\u00e2ches par cat\u00e9gorie (priv\u00e9, public, partag\u00e9 ou global) pour faciliter leur r\u00e9partition parmi vos collaborateurs.<\/li>\n<\/ul>\n<h2 class=\"headline-c3\">Drive<\/h2>\n<ul class=\"checklist-b1\">\n<li class=\"icon-checkmark\">Acc\u00e9dez \u00e0 vos donn\u00e9es \u00e0 tout moment et de fa\u00e7on s\u00e9curis\u00e9e avec la fonction Drive.<\/li>\n<li class=\"icon-checkmark\">Avec la fonction Drive, modifiez, partagez et stockez les documents de votre \u00e9quipe facilement et rapidement, directement en ligne.<\/li>\n<li class=\"icon-checkmark\">Vos donn\u00e9es sont automatiquement mises \u00e0 jour et restent accessibles partout.<\/li>\n<li class=\"icon-checkmark\">G\u00e9rez les droits d\u2019acc\u00e8s de vos collaborateurs individuellement.<\/li>\n<\/ul>\n<\/div>\n","protected":false},"excerpt":{"rendered":"<p>Email d&#8217;entreprise Propulsez votre email au niveau sup\u00e9rieur avec l\u2019Email d&#8217;entreprise Wise Host Synchronisation de votre email sur tous vos appareils. 5 Go de stockage par bo\u00eete de r\u00e9ception.\u00a0conciliez technologie et productivit\u00e9. Limites g\u00e9n\u00e9reuses d&#8217;envois. Protection avanc\u00e9e antipourriel, antivirus et antiespiogiciel. IMAP : acc\u00e8s \u00e0 vos emails \u00e0 tout moment, o\u00f9 que vous soyez. exible [&hellip;]<\/p>\n","protected":false},"author":1,"featured_media":0,"parent":0,"menu_order":0,"comment_status":"closed","ping_status":"closed","template":"","meta":{"footnotes":""},"class_list":["post-2524","page","type-page","status-publish","hentry"],"_links":{"self":[{"href":"https:\/\/wisehost.ca\/fr\/wp-json\/wp\/v2\/pages\/2524","targetHints":{"allow":["GET"]}}],"collection":[{"href":"https:\/\/wisehost.ca\/fr\/wp-json\/wp\/v2\/pages"}],"about":[{"href":"https:\/\/wisehost.ca\/fr\/wp-json\/wp\/v2\/types\/page"}],"author":[{"embeddable":true,"href":"https:\/\/wisehost.ca\/fr\/wp-json\/wp\/v2\/users\/1"}],"replies":[{"embeddable":true,"href":"https:\/\/wisehost.ca\/fr\/wp-json\/wp\/v2\/comments?post=2524"}],"version-history":[{"count":1,"href":"https:\/\/wisehost.ca\/fr\/wp-json\/wp\/v2\/pages\/2524\/revisions"}],"predecessor-version":[{"id":2525,"href":"https:\/\/wisehost.ca\/fr\/wp-json\/wp\/v2\/pages\/2524\/revisions\/2525"}],"wp:attachment":[{"href":"https:\/\/wisehost.ca\/fr\/wp-json\/wp\/v2\/media?parent=2524"}],"curies":[{"name":"wp","href":"https:\/\/api.w.org\/{rel}","templated":true}]}}