{"id":2486,"date":"2017-09-26T01:49:01","date_gmt":"2017-09-26T01:49:01","guid":{"rendered":"https:\/\/wisehost.ca\/fr\/?page_id=2486"},"modified":"2017-09-26T02:15:37","modified_gmt":"2017-09-26T02:15:37","slug":"openvz-vps","status":"publish","type":"page","link":"https:\/\/wisehost.ca\/fr\/openvz-vps\/","title":{"rendered":"OpenVZ VPS"},"content":{"rendered":"<h1 style=\"text-align: center;\">OpenVZ VPS<\/h1>\n<p><BR><br \/>\nTous les avantages d&#8217;un serveur d\u00e9di\u00e9, les contraintes du mat\u00e9riel en moins ! Nos serveurs VPS reposent sur du mat\u00e9riel haut de gamme : serveurs hyper puissants de derni\u00e8re g\u00e9n\u00e9ration, bi-processeur Intel Xeon, double alimentation \u00e9lectrique, disques rapides en copies simultan\u00e9es&#8230;<\/p>\n<link rel=\"stylesheet\" href=\"https:\/\/comparetables.duoservers.com\/plain.css?table_bkg=FF6600&#038;table_color=000000&#038;plan_names_bkg=EEEEEE&#038;features_hover=F9F9F9&#038;order_bkg=CCCCCC&#038;order_color=000000\">\n<div id=\"compareTable\"><\/div>\n<p><script src=\"https:\/\/code.jquery.com\/jquery-2.2.4.min.js\" integrity=\"sha256-BbhdlvQf\/xTY9gja0Dq3HiwQF8LaCRTXxZKRutelT44=\" crossorigin=\"anonymous\"><\/script><br \/>\n<script src=\"https:\/\/comparetables.duoservers.com\/script.js?store_id=208346&#038;service=openvz&#038;style=plain&#038;order_url=http:\/\/store151961.duoservers.com\/hosting-order\/&#038;order_text=Commander&#038;container_id=compareTable&#038;features_type=1\"><\/script><\/p>\n","protected":false},"excerpt":{"rendered":"<p>OpenVZ VPS Tous les avantages d&#8217;un serveur d\u00e9di\u00e9, les contraintes du mat\u00e9riel en moins ! Nos serveurs VPS reposent sur du mat\u00e9riel haut de gamme : serveurs hyper puissants de derni\u00e8re g\u00e9n\u00e9ration, bi-processeur Intel Xeon, double alimentation \u00e9lectrique, disques rapides en copies simultan\u00e9es&#8230;<\/p>\n","protected":false},"author":1,"featured_media":0,"parent":0,"menu_order":0,"comment_status":"closed","ping_status":"closed","template":"","meta":{"footnotes":""},"class_list":["post-2486","page","type-page","status-publish","hentry"],"_links":{"self":[{"href":"https:\/\/wisehost.ca\/fr\/wp-json\/wp\/v2\/pages\/2486","targetHints":{"allow":["GET"]}}],"collection":[{"href":"https:\/\/wisehost.ca\/fr\/wp-json\/wp\/v2\/pages"}],"about":[{"href":"https:\/\/wisehost.ca\/fr\/wp-json\/wp\/v2\/types\/page"}],"author":[{"embeddable":true,"href":"https:\/\/wisehost.ca\/fr\/wp-json\/wp\/v2\/users\/1"}],"replies":[{"embeddable":true,"href":"https:\/\/wisehost.ca\/fr\/wp-json\/wp\/v2\/comments?post=2486"}],"version-history":[{"count":6,"href":"https:\/\/wisehost.ca\/fr\/wp-json\/wp\/v2\/pages\/2486\/revisions"}],"predecessor-version":[{"id":2492,"href":"https:\/\/wisehost.ca\/fr\/wp-json\/wp\/v2\/pages\/2486\/revisions\/2492"}],"wp:attachment":[{"href":"https:\/\/wisehost.ca\/fr\/wp-json\/wp\/v2\/media?parent=2486"}],"curies":[{"name":"wp","href":"https:\/\/api.w.org\/{rel}","templated":true}]}}