{"id":1189,"date":"2015-07-03T05:01:13","date_gmt":"2015-07-03T05:01:13","guid":{"rendered":"http:\/\/arkahost.com\/?page_id=2"},"modified":"2024-12-08T21:58:11","modified_gmt":"2024-12-08T21:58:11","slug":"hebergement-web-haute-performance","status":"publish","type":"page","link":"https:\/\/wisehost.ca\/fr\/","title":{"rendered":"H\u00e9bergement web haute performance"},"content":{"rendered":"<p>[vc_row king_row_type=&#8221;container_full&#8221;][vc_column][rev_slider_vc alias=&#8221;home-page-1&#8243;][\/vc_column][\/vc_row][vc_row king_class=&#8221;domain_search&#8221;][vc_column]<div class=\"serch_area\"><div class=\"check-domain-from animated eff-fadeIn delay-200ms\">\n\t<BR\/><h3 class=\"white caps\">R\u00e9servez et prot\u00e9gez votre nom de domaine :<\/h3>\t<form method=\"POST\" class=\"search_domain_form\" data-form=\"\" action=\"https:\/\/wisehost.ca\/fr\/?ccce=cart&amp;a=add&amp;domain=register\">\n\t\t<input class=\"enter_email_input domain_input\" name=\"domain_input\" id=\"domain_input\" value=\"\" placeholder=\"Saisissez votre nom de domaine ici\" type=\"text\"\/>\n\t\t<input name=\"search_domain\" value=\"Rechercher\" class=\"input_submit\" type=\"button\"\/>\n\t\t<!-- mfunc DOMAIN_SEARCH -->\n\t\t<input type=\"hidden\" id=\"security\" name=\"security\" value=\"6f1a0823cf\" \/><input type=\"hidden\" name=\"_wp_http_referer\" value=\"\/fr\/wp-json\/wp\/v2\/pages\/1189\" \/>\t\t<!-- \/mfunc DOMAIN_SEARCH -->\n\t\t<input type=\"hidden\" class=\"domain\" value=\"\" name=\"domain\">\n\t\t<input type=\"hidden\" class=\"domains\" name=\"domains[]\" value=\"\">\n        <input type=\"hidden\" class=\"domainsregperiod\" name=\"domainsregperiod[]\" value=\"1\">\n\n\t<\/form>\n\t<\/div>\n<div id=\"domain_search_results\"><\/div><\/div>\n[vc_row_inner king_class=&#8221;offers&#8221;][vc_column_inner el_animate=&#8221;animated eff-fadeInUp&#8221; el_delay=&#8221;300&#8243;][vc_column_text]<\/p>\n<ul>\n<li><strong>.com<\/strong> $11.95<\/li>\n<li><strong>.net<\/strong> $12.95<\/li>\n<li><strong>.org<\/strong> $12.95<\/li>\n<li><strong>.info<\/strong>\u00a0$11.95<\/li>\n<li><strong>.ca<\/strong> $17.95<\/li>\n<li><strong>.us<\/strong> $14.95<\/li>\n<li class=\"last\"><small>* Prix par an<\/small><\/li>\n<\/ul>\n<p>[\/vc_column_text][\/vc_column_inner][\/vc_row_inner][\/vc_column][\/vc_row][vc_row king_class=&#8221;host_plans&#8221;][vc_column]<h1 class=\"caps animated eff-fadeInUp delay-200ms\"><strong>Opter pour un h\u00e9bergement haut de gamme<\/strong>\n<em>\nQue vous pr\u00e9voyiez un pic de visites sur votre site, planifiez d'ouvrir une boutique en ligne ou utilisiez des applications gourmandes en ressources, choisissez exactement le niveau de performance dont vous avez besoin pour vos projets Web. <\/em><\/h1><div class=\"clearfix margin_top3\"><\/div>\n\t\t<div class=\"animated eff-flipInY delay-200ms one_fourth_less pricing-layout-1\">\n\t\t\t<div class=\"planbox\">\n\t\t\t\t\t\t\t\t<div class=\"title\">\n\t\t\t\t\t<h4 class=\"caps\">\n\t\t\t\t\t\t<strong>STARTER<\/strong>\n\t\t\t\t\t<\/h4>\n\t\t\t\t<\/div>\n\t\t\t\t<div class=\"prices\">\n\t\t        \t<strong>\n\t\t        \t\t$4.66\t\t\t\t\t\t<i>\n\t\t\t\t\t\t\/M\t\t\t\t\t\t<\/i>\n\t\t        \t<\/strong>\n\t\t        \t<b>\n\t\t\t\t\t\t\t        \t\tRegularly\t\t        \t\t<em>$7.99<\/em>\n\t\t\t\t\t\t\t        \t<\/b>\n\t\t        \t\t\t            <a href=\"https:\/\/wisehost.ca\/order-form\/get-web-hosting\/?plan=44029\">\n\t\t\t            COMMANDER\t\t\t        <\/a>\n\t\t\t        \t\t        <\/div>\n\t\t\t\t<ul class=\"price_des\">\n\t\t\t\t\t<li><strong>Id\u00e9al pour :<\/strong><BR>\r<\/li><li>Particuliers et d\u00e9butants. Solution <BR>pour h\u00e9berger les projets de taille <BR>moyenne.\r<\/li><li>Espace disque <strong>illimit\u00e9<\/strong>\r<\/li><li>Traffic par mois <strong>illimit\u00e9<\/strong>\r<\/li><li><strong>1 Site web<\/strong>\r<\/li><li><strong>1 Nom de Domaine<\/strong>\r<\/li><li><strong>5 base de donn\u00e9es <\/strong>MySQL v.5\r<\/li><li><strong>0 base de donn\u00e9es <\/strong>PostgreSQL 8.3\r<\/li><li><strong>100 Bo\u00eetes <\/strong> email\r<\/li><li><strong>Plus de 300 <\/strong>Logiciels pr\u00e9-install\u00e9s\r<\/li><li>Assistance technique par email <BR><strong>7j\/7 et 24h\/24<\/strong>\r<\/li><li>Assistance en 60 minutes garantie\r<\/li><li>Service disponible <strong>99.9%<\/strong>\r<\/li><li>Garantie de remboursement de<strong> 30 jours<\/strong><\/li>\t\t\t\t<\/ul>\n\t        <\/div>\n        <\/div>\n      \n\t\t<div class=\"animated eff-flipInY delay-300ms one_fourth_less pricing-layout-1\">\n\t\t\t<div class=\"planbox highlight\">\n\t\t\t\t\t\t\t\t\t<img decoding=\"async\" width=\"134\" src=\"https:\/\/wisehost.ca\/fr\/wp-content\/themes\/wisehost\/assets\/images\/best-seller.png\" alt=\"\" class=\"hiimg\" \/>\n\t\t\t\t\t\t\t\t<div class=\"title\">\n\t\t\t\t\t<h4 class=\"caps\">\n\t\t\t\t\t\t<strong>BUSINESS<\/strong>\n\t\t\t\t\t<\/h4>\n\t\t\t\t<\/div>\n\t\t\t\t<div class=\"prices\">\n\t\t        \t<strong>\n\t\t        \t\t$7.83\t\t\t\t\t\t<i>\n\t\t\t\t\t\t\/M\t\t\t\t\t\t<\/i>\n\t\t        \t<\/strong>\n\t\t        \t<b>\n\t\t\t\t\t\t\t        \t\tRegularly\t\t        \t\t<em>$16.99<\/em>\n\t\t\t\t\t\t\t        \t<\/b>\n\t\t        \t\t\t            <a href=\"https:\/\/wisehost.ca\/order-form\/get-web-hosting\/?plan=1\">\n\t\t\t            COMMANDER\t\t\t        <\/a>\n\t\t\t        \t\t        <\/div>\n\t\t\t\t<ul class=\"price_des\">\n\t\t\t\t\t<li><strong>Id\u00e9al pour :<\/strong>\r<\/li><li>Associations, clubs, artisans, pme, pmi, entreprises. Solution pour les sites pros de contenu dynamique.\r<\/li><li>Espace disque <strong>illimit\u00e9<\/strong>\r<\/li><li>Traffic par mois <strong>illimit\u00e9<\/strong>\r<\/li><li><strong>5 Site web<\/strong> \r<\/li><li><strong>5 Noms de Domaine<\/strong>\r<\/li><li><strong>20 base de donn\u00e9es <\/strong>MySQL v.5\r<\/li><li><strong>5 base de donn\u00e9es <\/strong>PostgreSQL 8.3\r<\/li><li><strong>500 Bo\u00eetes <\/strong> email\r<\/li><li><strong>Plus de 300 <\/strong>Logiciels pr\u00e9-install\u00e9s\r<\/li><li>Assistance technique par email <BR><strong>7j\/7 et 24h\/24<\/strong>\r<\/li><li>Assistance en 60 minutes garantie\r<\/li><li>Service disponible <strong>99.9%<\/strong>\r<\/li><li>Garantie de remboursement de<strong> 30 jours<\/strong><\/li>\t\t\t\t<\/ul>\n\t        <\/div>\n        <\/div>\n      \n\t\t<div class=\"animated eff-flipInY delay-400ms one_fourth_less pricing-layout-1\">\n\t\t\t<div class=\"planbox\">\n\t\t\t\t\t\t\t\t<div class=\"title\">\n\t\t\t\t\t<h4 class=\"caps\">\n\t\t\t\t\t\t<strong>CORPORATE<\/strong>\n\t\t\t\t\t<\/h4>\n\t\t\t\t<\/div>\n\t\t\t\t<div class=\"prices\">\n\t\t        \t<strong>\n\t\t        \t\t$13.33\t\t\t\t\t\t<i>\n\t\t\t\t\t\t\/M\t\t\t\t\t\t<\/i>\n\t\t        \t<\/strong>\n\t\t        \t<b>\n\t\t\t\t\t\t\t        \t\tRegularly\t\t        \t\t<em>$29.95<\/em>\n\t\t\t\t\t\t\t        \t<\/b>\n\t\t        \t\t\t            <a href=\"https:\/\/wisehost.ca\/order-form\/get-web-hosting\/?plan=2\">\n\t\t\t            COMMANDER\t\t\t        <\/a>\n\t\t\t        \t\t        <\/div>\n\t\t\t\t<ul class=\"price_des\">\n\t\t\t\t\t<li><strong>Id\u00e9al pour :<\/strong>\r<\/li><li>Soci\u00e9t\u00e9s, institutions, mairies, cms, sites e-commerce.. Puissance renforc\u00e9e pour les sites dynamique d'envergure.\r<\/li><li>Espace disque <strong>illimit\u00e9<\/strong>\r<\/li><li>Traffic par mois <strong>illimit\u00e9<\/strong>\r<\/li><li>Site web h\u00e9berg\u00e9 <strong>illimit\u00e9<\/strong>\r<\/li><li>Nom de Domaine <strong>illimit\u00e9<\/strong>\r<\/li><li>Base de donn\u00e9es MySQL v.5 <strong>illimit\u00e9<\/strong>\r<\/li><li><strong>20 Base de donn\u00e9es <\/strong> PostgreSQL 8.3\r<\/li><li>Bo\u00eete email<strong> illimit\u00e9 <\/strong>\r<\/li><li><strong>Plus de 300 <\/strong>Logiciels pr\u00e9-install\u00e9s\r<\/li><li>Assistance technique par email <BR><strong>7j\/7 et 24h\/24<\/strong>\r<\/li><li>Assistance en 60 minutes garantie\r<\/li><li>Service disponible <strong>99.9%<\/strong>\r<\/li><li>Garantie de remboursement de<strong> 30 jours<\/strong><\/li>\t\t\t\t<\/ul>\n\t        <\/div>\n        <\/div>\n      \n\t\t<div class=\"animated eff-flipInY delay-500ms one_fourth_less last pricing-layout-1\">\n\t\t\t<div class=\"planbox\">\n\t\t\t\t\t\t\t\t<div class=\"title\">\n\t\t\t\t\t<h4 class=\"caps\">\n\t\t\t\t\t\t<strong>ENTERPRISE<\/strong>\n\t\t\t\t\t<\/h4>\n\t\t\t\t<\/div>\n\t\t\t\t<div class=\"prices\">\n\t\t        \t<strong>\n\t\t        \t\t$20.83\t\t\t\t\t\t<i>\n\t\t\t\t\t\t\/M\t\t\t\t\t\t<\/i>\n\t\t        \t<\/strong>\n\t\t        \t<b>\n\t\t\t\t\t\t\t        \t\tRegularly\t\t        \t\t<em>$49.95<\/em>\n\t\t\t\t\t\t\t        \t<\/b>\n\t\t        \t\t\t            <a href=\"https:\/\/wisehost.ca\/order-form\/get-web-hosting\/?plan=44\">\n\t\t\t            COMMANDER\t\t\t        <\/a>\n\t\t\t        \t\t        <\/div>\n\t\t\t\t<ul class=\"price_des\">\n\t\t\t\t\t<li><strong>Id\u00e9al pour :<\/strong>\r<\/li><li>Soci\u00e9t\u00e9s, experts, institutions, sites qui exigent des performances GARANTIES. Sites E-commerce de grosse taille.\r<\/li><li>Espace disque <strong>illimit\u00e9<\/strong>\r<\/li><li>Traffic par mois <strong>illimit\u00e9<\/strong>\r<\/li><li>Site web h\u00e9berg\u00e9 <strong>illimit\u00e9<\/strong>\r<\/li><li>Nom de Domaine <strong>illimit\u00e9<\/strong>\r<\/li><li>Base de donn\u00e9es MySQL v.5 <strong>illimit\u00e9<\/strong>\r<\/li><li>Base de donn\u00e9es PostgreSQL 8.3 <strong>illimit\u00e9<\/strong>\r<\/li><li>Bo\u00eete email<strong> illimit\u00e9 <\/strong>\r<\/li><li><strong>Plus de 300 <\/strong>Logiciels pr\u00e9-install\u00e9s\r<\/li><li>Assistance technique par email <BR><strong>7j\/7 et 24h\/24<\/strong>\r<\/li><li>Assistance en 60 minutes garantie\r<\/li><li>Service disponible <strong>99.9%<\/strong>\r<\/li><li>Garantie de remboursement de<strong> 30 jours<\/strong><\/li>\t\t\t\t<\/ul>\n\t        <\/div>\n        <\/div>\n      [\/vc_column][\/vc_row][vc_row king_class=&#8221;feature_section1&#8243;][vc_column]<h1 class=\"caps animated eff-fadeInUp delay-200ms\">Inclus avec chaque h\u00e9bergement web<\/h1><div class=\"clearfix margin_top3\"><\/div>[vc_row_inner][vc_column_inner el_class=&#8221;one_third&#8221; el_animate=&#8221;animated eff-fadeIn&#8221; width=&#8221;1\/3&#8243; el_delay=&#8221;250&#8243;]\n\t\t<div class=\"king-elements \">\n\t\t\t<div class=\"king-elements-inner\">\n        \t<i class=\"fa fa-cogs element-icon \"><\/i><h4 class=\"light\">Interface de gestion<\/h4>\n<p>Configurez vos produits et services gra\u0302ce a\u0300 notre interface de gestion en ligne (Espace client).<\/p>\t\t\t<\/div>\n        <\/div>\n\n\t<div class=\"clearfix margin_top5\"><\/div>\n\t\t<div class=\"king-elements \">\n\t\t\t<div class=\"king-elements-inner\">\n        \t<i class=\"fa fa-tasks element-icon \"><\/i><h4 class=\"light\">Planificateur de t\u00e2ches<\/h4>\n<p>Planifiez et ge\u0301rez des actions automatiques sur votre he\u0301bergement Web.<\/p>\t\t\t<\/div>\n        <\/div>\n\n\t<div class=\"clearfix margin_top5\"><\/div>\n\t\t<div class=\"king-elements \">\n\t\t\t<div class=\"king-elements-inner\">\n        \t<i class=\"fa fa-tachometer element-icon \"><\/i><h4 class=\"light\">Logiciel de cr\u00e9ation de site<\/h4>\n<p>Cr\u00e9ez un site personnalis\u00e9 en quelques clics seulement. Gr\u00e2ce \u00e0 de nombreux mod\u00e8les cr\u00e9\u00e9s par des graphistes professionnels, vous obtenez un site qui impressionnera vos visiteurs.<\/p>\t\t\t<\/div>\n        <\/div>\n\n\t[\/vc_column_inner][vc_column_inner el_class=&#8221;one_third&#8221; el_animate=&#8221;animated eff-fadeIn&#8221; width=&#8221;1\/3&#8243; el_delay=&#8221;350&#8243;]\n\t\t<div class=\"king-elements \">\n\t\t\t<div class=\"king-elements-inner\">\n        \t<i class=\"fa fa-globe element-icon \"><\/i><h4 class=\"light\">Gestion multi-domaines<\/h4>\n<p>Le multisites vous permet d'he\u0301berger plusieurs sites sur un me\u0302me he\u0301bergement.<\/p>\t\t\t<\/div>\n        <\/div>\n\n\t<div class=\"clearfix margin_top5\"><\/div>\n\t\t<div class=\"king-elements \">\n\t\t\t<div class=\"king-elements-inner\">\n        \t<i class=\"fa fa-envelope-o element-icon \"><\/i><h4 class=\"light\">Suivi des e-mails automatis\u00e9s<\/h4>\n<p>Suivez les emails envoye\u0301s depuis votre site (erreurs e\u0301ventuelles, activite\u0301 et de\u0301tection de failles de se\u0301curite\u0301).<\/p>\t\t\t<\/div>\n        <\/div>\n\n\t<div class=\"clearfix margin_top5\"><\/div>\n\t\t<div class=\"king-elements \">\n\t\t\t<div class=\"king-elements-inner\">\n        \t<i class=\"fa fa-comments-o element-icon \"><\/i><h4 class=\"light\">Support d'experts<\/h4>\n<p>Notre \u00e9quipe du service \u00e0 la client\u00e8le, compos\u00e9e exclusivement de professionnels de l\u2019h\u00e9bergement, est \u00e0 votre \u00e9coute pour r\u00e9pondre \u00e0 toutes vos questions.<\/p>\t\t\t<\/div>\n        <\/div>\n\n\t[\/vc_column_inner][vc_column_inner el_class=&#8221;one_third last&#8221; el_animate=&#8221;animated eff-fadeIn&#8221; width=&#8221;1\/3&#8243; el_delay=&#8221;450&#8243;]\n\t\t<div class=\"king-elements \">\n\t\t\t<div class=\"king-elements-inner\">\n        \t<i class=\"fa fa-signal element-icon \"><\/i><h4 class=\"light\">Statistiques d\u00e9taill\u00e9es<\/h4>\n<p>Acce\u0301dez facilement aux statistiques ge\u0301ne\u0301re\u0301es depuis les logs de votre site web, de fac\u0327on simple et lisible.<\/p>\t\t\t<\/div>\n        <\/div>\n\n\t<div class=\"clearfix margin_top5\"><\/div>\n\t\t<div class=\"king-elements \">\n\t\t\t<div class=\"king-elements-inner\">\n        \t<i class=\"fa fa-floppy-o element-icon \"><\/i><h4 class=\"light\">Sauvegarde et restauration<\/h4>\n<p>Vous avez modifi\u00e9 vos scripts et votre site ne fonctionne plus correctement ? Chaque h\u00e9bergement contient une option de sauvegarde.<\/p>\t\t\t<\/div>\n        <\/div>\n\n\t<div class=\"clearfix margin_top5\"><\/div>\n\t\t<div class=\"king-elements \">\n\t\t\t<div class=\"king-elements-inner\">\n        \t<i class=\"fa fa-usd element-icon \"><\/i><h4 class=\"light\">Garantie de remboursement de 30 jours<\/h4>\n<p>En passant commande d'un h\u00e9bergement chez nous, vous b\u00e9n\u00e9ficierez de 30 jours \"satisfait ou rembours\u00e9\".<\/p>\t\t\t<\/div>\n        <\/div>\n\n\t[\/vc_column_inner][\/vc_row_inner][\/vc_column][\/vc_row][vc_row king_row_type=&#8221;container_full&#8221; king_class=&#8221;feature_section2&#8243;][vc_column]<div class=\"title\"><h1 class=\"caps sitecolor animated eff-fadeInUp delay-200ms\"><strong>D\u00e9couvrez nos p\u00f4les de comp\u00e9tences<\/strong><\/h1><\/div>[vc_row_inner king_class=&#8221;twoboxes&#8221; king_class_container=&#8221;container&#8221;][vc_column_inner el_class=&#8221;left&#8221; el_animate=&#8221;animated eff-fadeInLeft&#8221; width=&#8221;1\/2&#8243; el_delay=&#8221;200&#8243;]\n\t\t<div class=\"king-elements \">\n\t\t\t<div class=\"king-elements-inner\">\n        \t<i class=\"fa fa-desktop element-icon \"><\/i><strong>\n\t<em>H\u00c9BERGEMENT WEB S\u00c9CURIS\u00c9 <Br> UN IMPACT R\u00c9EL POUR VOTRE VISIBILIT\u00c9 <\/em>\n\t\n<\/strong>\n\n<div class=\"clearfix\"><\/div>\n\n<ul>\n\t<li>\n\t<i class=\"fa fa-long-arrow-right\"><\/i> SITE VITRINE ET INSTITUTIONNEL <BR> Votre site internet est un outil indispensable pour valoriser votre activit\u00e9 et vous donner une visibilit\u00e9 sur le web.\n\t<\/li>\n\t<li>\n\t<i class=\"fa fa-long-arrow-right\"><\/i> SITE INTERNET E-COMMERCE <BR> Votre activit\u00e9 commerciale est dynamis\u00e9e par un site moderne, attractif et simple d'utilisation.\n\t<\/li>\n\n<li>\n\t<i class=\"fa fa-long-arrow-right\"><\/i> LIVRAISON CL\u00c9 EN MAIN <BR> Nous proposons des sites complets au design, contenu et fonctionnalit\u00e9s administrables, fonctionnels d\u00e8s la livraison.\n\t<\/li>\n\n\t<li>\n\t<\/li>\n\t<li><a href=\"#\" class=\"button one\">En savoir plus<\/a><\/li>\n<\/ul>\t\t\t<\/div>\n        <\/div>\n\n\t[\/vc_column_inner][vc_column_inner el_class=&#8221;right&#8221; el_animate=&#8221;animated eff-fadeInRight&#8221; width=&#8221;1\/2&#8243; el_delay=&#8221;200&#8243;]\n\t\t<div class=\"king-elements \">\n\t\t\t<div class=\"king-elements-inner\">\n        \t<i class=\"fa fa-opencart element-icon \"><\/i><strong>\n<em>Solutions Professionnelles <BR> Lancez et d\u00e9veloppez vous sur Internet<\/em>\n<\/strong>\n\n<div class=\"clearfix\"><\/div>\n\n<ul>\n\t<li>\n\t<i class=\"fa fa-long-arrow-right\"><\/i> REFONTE GRAPHIQUE, DESIGN, ERGONOMIE <BR> Nous pensons la structure, la navigation et le design de votre site. Vos internautes sont s\u00e9duits, votre identit\u00e9 est bonifi\u00e9e.\n\t<\/li>\n\t<li>\n\t<i class=\"fa fa-long-arrow-right\"><\/i> R\u00c9F\u00c9RENCEMENT NATUREL DES SITES OPTIMIS\u00c9 <BR> Le d\u00e9veloppement de votre site suit les r\u00e8gles du r\u00e9f\u00e9rencement pour une visibilit\u00e9 optimale de votre activit\u00e9.\n\t<\/li>\n\t<li>\n\t<i class=\"fa fa-long-arrow-right\"><\/i> SAUVEGARDES ET DONN\u00c9ES S\u00c9CURIS\u00c9ES <BR>\n Vos donn\u00e9es et sauvegardes de fichiers sont s\u00e9curis\u00e9es, en ligne ou au sein de votre entreprise, selon vos choix.\n\t<\/li>\n\t<li>\n\t<\/li>\t\n\n\t<li><a href=\"#\" class=\"button one\">En savoir plus<\/a><\/li>\n<\/ul>\t\t\t<\/div>\n        <\/div>\n\n\t[\/vc_column_inner][\/vc_row_inner][\/vc_column][\/vc_row][vc_row king_class=&#8221;feature_section4&#8243; bg_color=&#8221;#b2b2b2&#8243;][vc_column el_animate=&#8221;animated eff-fadeInLeft&#8221; width=&#8221;1\/3&#8243; el_class=&#8221;left&#8221; el_delay=&#8221;200&#8243;]<strong><em>S\u00e9curis\u00e9 rapide fiable<BR>\nService disponible 99.9%<\/em>\nH\u00e9bergement web mutualis\u00e9<\/strong>\n\t\t<div class=\"king-elements \">\n\t\t\t<div class=\"king-elements-inner\">\n        \t<br \/>\n<a href=\"#\" class=\"button three\"><i class=\"fa fa-caret-right\"><\/i> En savoir plus<\/a>\t\t\t<\/div>\n        <\/div>\n\n\t[\/vc_column][vc_column el_animate=&#8221;animated eff-fadeInUp&#8221; width=&#8221;1\/3&#8243; el_class=&#8221;center&#8221; el_delay=&#8221;200&#8243;]<strong><em>Design, modernes et fonctionnels<\/em>\nCr\u00e9ation de sites internet<\/strong>\n\t\t<div class=\"king-elements \">\n\t\t\t<div class=\"king-elements-inner\">\n        \t<br \/>\n<a href=\"#\" class=\"button three\"><i class=\"fa fa-caret-right\"><\/i> En savoir plus<\/a>\t\t\t<\/div>\n        <\/div>\n\n\t[\/vc_column][vc_column el_animate=&#8221;animated eff-fadeInRight&#8221; width=&#8221;1\/3&#8243; el_class=&#8221;right&#8221; el_delay=&#8221;200&#8243;]<strong><em>Augmentez la visibilit\u00e9 de votre entreprise<\/em>\nConseil et Marketing digital<\/strong>\n\t\t<div class=\"king-elements \">\n\t\t\t<div class=\"king-elements-inner\">\n        \t<br \/>\n<a href=\"#\" class=\"button three\"><i class=\"fa fa-caret-right\"><\/i> En savoir plus<\/a>\t\t\t<\/div>\n        <\/div>\n\n\t[\/vc_column][\/vc_row][vc_row king_class=&#8221;feature_section5&#8243;][vc_column el_animate=&#8221;animated eff-fadeInLeft&#8221; width=&#8221;1\/2&#8243; el_class=&#8221;one_third&#8221; el_delay=&#8221;200&#8243;][vc_single_image image=&#8221;2254&#8243; img_size=&#8221;full&#8221; alignment=&#8221;center&#8221;][\/vc_column][vc_column el_animate=&#8221;animated eff-fadeInUp&#8221; width=&#8221;1\/2&#8243; el_class=&#8221;two_third last&#8221; el_delay=&#8221;200&#8243;]<h3 class=\"caps\"><strong>Plus de 150 logiciels gratuit pr\u00e9-install\u00e9s<\/strong><\/h3>[vc_column_text]<\/p>\n<ul>\n<li><img decoding=\"async\" src=\"http:\/\/api.devn.co\/gate.php?file=arkahost\/wp-content\/uploads\/2015\/07\/scripts-logo1.jpg\" alt=\"\" \/><\/li>\n<li><img decoding=\"async\" src=\"http:\/\/api.devn.co\/gate.php?file=arkahost\/wp-content\/uploads\/2015\/07\/scripts-logo2.jpg\" alt=\"\" \/><\/li>\n<li><img decoding=\"async\" src=\"http:\/\/api.devn.co\/gate.php?file=arkahost\/wp-content\/uploads\/2015\/07\/scripts-logo3.jpg\" alt=\"\" \/><\/li>\n<li><img decoding=\"async\" src=\"http:\/\/api.devn.co\/gate.php?file=arkahost\/wp-content\/uploads\/2015\/07\/scripts-logo4.jpg\" alt=\"\" \/><\/li>\n<li><img decoding=\"async\" src=\"http:\/\/api.devn.co\/gate.php?file=arkahost\/wp-content\/uploads\/2015\/07\/scripts-logo5.jpg\" alt=\"\" \/><\/li>\n<li><img decoding=\"async\" src=\"http:\/\/api.devn.co\/gate.php?file=arkahost\/wp-content\/uploads\/2015\/07\/scripts-logo6.jpg\" alt=\"\" \/><\/li>\n<li><img decoding=\"async\" src=\"http:\/\/api.devn.co\/gate.php?file=arkahost\/wp-content\/uploads\/2015\/07\/scripts-logo7.jpg\" alt=\"\" \/><\/li>\n<li><img decoding=\"async\" src=\"http:\/\/api.devn.co\/gate.php?file=arkahost\/wp-content\/uploads\/2015\/07\/scripts-logo8.jpg\" alt=\"\" \/><\/li>\n<\/ul>\n<p>[\/vc_column_text][\/vc_column][\/vc_row][vc_row king_class=&#8221;feature_section6&#8243;][vc_column]<h1 class=\"caps animated eff-fadeInUp delay-200ms\"><strong>D\u00e9couvrez ce que nos clients pensent de WiseHost<\/strong><\/h1><div class=\"clearfix margin_top1\"><\/div><div class=\"feature_section6_elm\">\n<div class=\"less6\">\n\t<div class=\"owl-demo20 owl-carousel\">\n    \t\n        <div class=\"item\">\n\t        <div class=\"climg\">\n\t\t        \t\t    <\/div>\n        \t<p class=\"bigtfont dark\">Nous travaillons en partenariat avec Wise Host depuis plusieurs ann\u00e9es et nos r\u00e9sultats au niveau de la strat\u00e9gie internet n\u2019ont jamais cess\u00e9 d\u2019\u00e9voluer. Le service est personnalis\u00e9 et adapt\u00e9 \u00e0 nos besoins.<\/p>\n\t\t\t<br \/>\n        \t<strong>- Myl\u00e8ne Verroneau -<\/strong> &nbsp; \n            <br \/>\n\t\t\t<em><\/em>\n            <p class=\"clearfix margin_bottom1\"><\/p>\n        <\/div><!-- end slide -->\n        \n        <div class=\"item\">\n\t        <div class=\"climg\">\n\t\t        \t\t    <\/div>\n        \t<p class=\"bigtfont dark\">J'utilise les services de WiseHost.ca et je suis satisfait!<\/p>\n\t\t\t<br \/>\n        \t<strong>- Mathieu Allard -<\/strong> &nbsp; \n            <br \/>\n\t\t\t<em><\/em>\n            <p class=\"clearfix margin_bottom1\"><\/p>\n        <\/div><!-- end slide -->\n        \n        <div class=\"item\">\n\t        <div class=\"climg\">\n\t\t        \t\t    <\/div>\n        \t<p class=\"bigtfont dark\">J'ai d\u00e9j\u00e0 trois sites Web que je fais h\u00e9berger chez vous. J'ai parl\u00e9 avec des francophones et des anglophones qui ont tous \u00e9t\u00e9 super gentils et tr\u00e8s professionnels.<\/p>\n\t\t\t<br \/>\n        \t<strong>- Christian Joyal -<\/strong> &nbsp; \n            <br \/>\n\t\t\t<em><\/em>\n            <p class=\"clearfix margin_bottom1\"><\/p>\n        <\/div><!-- end slide -->\n        \n        <div class=\"item\">\n\t        <div class=\"climg\">\n\t\t        \t\t    <\/div>\n        \t<p class=\"bigtfont dark\">J'ai re\u00e7u une tr\u00e8s bonne exp\u00e9rience avec votre soutien tech. Il est efficace. J'appr\u00e9cie aussi les infos re\u00e7ues par courriel ainsi que les avis de maintenance de votre r\u00e9seau.<\/p>\n\t\t\t<br \/>\n        \t<strong>- Serge Drouin -<\/strong> &nbsp; \n            <br \/>\n\t\t\t<em><\/em>\n            <p class=\"clearfix margin_bottom1\"><\/p>\n        <\/div><!-- end slide -->\n        \n        <div class=\"item\">\n\t        <div class=\"climg\">\n\t\t        \t\t    <\/div>\n        \t<p class=\"bigtfont dark\">Austin M. helped me with a few of my questions and was able to help me through the checkout process. I was very happy with the service he provided me A big reason I chose your company was for the great customer service I had heard of. The first impression&hellip;<\/p>\n\t\t\t<br \/>\n        \t<strong>- Elisabeth Mague -<\/strong> &nbsp; \n            <br \/>\n\t\t\t<em><\/em>\n            <p class=\"clearfix margin_bottom1\"><\/p>\n        <\/div><!-- end slide -->\n        \n        <div class=\"item\">\n\t        <div class=\"climg\">\n\t\t        \t\t    <\/div>\n        \t<p class=\"bigtfont dark\">I have hosted EVERYTHING with WiseHost for over 5 years now and love them. A good web host is like a good plumber. Invisible until you need them...<\/p>\n\t\t\t<br \/>\n        \t<strong>- Douglas Gaskin -<\/strong> &nbsp; \n            <br \/>\n\t\t\t<em><\/em>\n            <p class=\"clearfix margin_bottom1\"><\/p>\n        <\/div><!-- end slide -->\n        \t<\/div>  \n<\/div>  \n<\/div>\t     \n[\/vc_column][\/vc_row][vc_row king_class=&#8221;client_logos&#8221;][vc_column][vc_column_text]<\/p>\n<h5><b>FIABLE POUR DES MILLIONS D&#8217;UTILISATEURS DE WORDPRESS &lt;BR&gt;<\/b><\/h5>\n<h1><strong>Une plateforme, <i>toutes les capacit\u00e9s<\/i>.<\/strong><\/h1>\n<p><strong>Whise Host vous accompagne \u00e0 chaque \u00e9tape, de la cr\u00e9ation de votre site \u00e0 l&#8217;assistance technique.<\/strong>[\/vc_column_text][\/vc_column][\/vc_row]<\/p>\n","protected":false},"excerpt":{"rendered":"<p>[vc_row king_row_type=&#8221;container_full&#8221;][vc_column][rev_slider_vc alias=&#8221;home-page-1&#8243;][\/vc_column][\/vc_row][vc_row king_class=&#8221;domain_search&#8221;][vc_column][vc_row_inner king_class=&#8221;offers&#8221;][vc_column_inner el_animate=&#8221;animated eff-fadeInUp&#8221; el_delay=&#8221;300&#8243;][vc_column_text] .com $11.95 .net $12.95 .org $12.95 .info\u00a0$11.95 .ca $17.95 .us $14.95 * Prix par an [\/vc_column_text][\/vc_column_inner][\/vc_row_inner][\/vc_column][\/vc_row][vc_row king_class=&#8221;host_plans&#8221;][vc_column][\/vc_column][\/vc_row][vc_row king_class=&#8221;feature_section1&#8243;][vc_column][vc_row_inner][vc_column_inner el_class=&#8221;one_third&#8221; el_animate=&#8221;animated eff-fadeIn&#8221; width=&#8221;1\/3&#8243; el_delay=&#8221;250&#8243;][\/vc_column_inner][vc_column_inner el_class=&#8221;one_third&#8221; el_animate=&#8221;animated eff-fadeIn&#8221; width=&#8221;1\/3&#8243; el_delay=&#8221;350&#8243;][\/vc_column_inner][vc_column_inner el_class=&#8221;one_third last&#8221; el_animate=&#8221;animated eff-fadeIn&#8221; width=&#8221;1\/3&#8243; el_delay=&#8221;450&#8243;][\/vc_column_inner][\/vc_row_inner][\/vc_column][\/vc_row][vc_row king_row_type=&#8221;container_full&#8221; king_class=&#8221;feature_section2&#8243;][vc_column][vc_row_inner king_class=&#8221;twoboxes&#8221; king_class_container=&#8221;container&#8221;][vc_column_inner el_class=&#8221;left&#8221; el_animate=&#8221;animated eff-fadeInLeft&#8221; width=&#8221;1\/2&#8243; el_delay=&#8221;200&#8243;][\/vc_column_inner][vc_column_inner el_class=&#8221;right&#8221; el_animate=&#8221;animated eff-fadeInRight&#8221; width=&#8221;1\/2&#8243; [&hellip;]<\/p>\n","protected":false},"author":1,"featured_media":0,"parent":0,"menu_order":0,"comment_status":"closed","ping_status":"open","template":"templates\/page-full.php","meta":{"footnotes":""},"class_list":["post-1189","page","type-page","status-publish","hentry"],"_links":{"self":[{"href":"https:\/\/wisehost.ca\/fr\/wp-json\/wp\/v2\/pages\/1189","targetHints":{"allow":["GET"]}}],"collection":[{"href":"https:\/\/wisehost.ca\/fr\/wp-json\/wp\/v2\/pages"}],"about":[{"href":"https:\/\/wisehost.ca\/fr\/wp-json\/wp\/v2\/types\/page"}],"author":[{"embeddable":true,"href":"https:\/\/wisehost.ca\/fr\/wp-json\/wp\/v2\/users\/1"}],"replies":[{"embeddable":true,"href":"https:\/\/wisehost.ca\/fr\/wp-json\/wp\/v2\/comments?post=1189"}],"version-history":[{"count":80,"href":"https:\/\/wisehost.ca\/fr\/wp-json\/wp\/v2\/pages\/1189\/revisions"}],"predecessor-version":[{"id":2760,"href":"https:\/\/wisehost.ca\/fr\/wp-json\/wp\/v2\/pages\/1189\/revisions\/2760"}],"wp:attachment":[{"href":"https:\/\/wisehost.ca\/fr\/wp-json\/wp\/v2\/media?parent=1189"}],"curies":[{"name":"wp","href":"https:\/\/api.w.org\/{rel}","templated":true}]}}